{"id":59,"date":"2024-06-06T14:57:31","date_gmt":"2024-06-06T14:57:31","guid":{"rendered":"https:\/\/plotart.cl\/?page_id=59"},"modified":"2024-08-30T18:44:40","modified_gmt":"2024-08-30T18:44:40","slug":"quienes-somos","status":"publish","type":"page","link":"https:\/\/plotart.cl\/?page_id=59","title":{"rendered":"Quienes somos"},"content":{"rendered":"\n<div style=\"height:100px\" aria-hidden=\"true\" class=\"wp-block-spacer\"><\/div>\n\n\n\n<p class=\"has-text-align-center has-x-large-font-size\"><strong>Somos PlotArt,<\/strong><\/p>\n\n\n\n<p class=\"has-text-align-center\">Tu equipo de soluciones gr\u00e1ficas listo para dar vida a tus ideas.<br> En cada dise\u00f1o y en cada proyecto, nos esforzamos por transformar tus conceptos en realidades visuales impactantes.<\/p>\n\n\n\n<p><\/p>\n\n\n\n<div style=\"height:100px\" aria-hidden=\"true\" class=\"wp-block-spacer\"><\/div>\n\n\n\n<div class=\"wp-block-group alignfull has-base-background-color has-background has-global-padding is-content-justification-center is-layout-constrained wp-block-group-is-layout-constrained\" style=\"margin-top:0;margin-bottom:0;padding-top:var(--wp--preset--spacing--50);padding-right:var(--wp--preset--spacing--50);padding-bottom:var(--wp--preset--spacing--50);padding-left:var(--wp--preset--spacing--50)\">\n<div class=\"wp-block-group alignwide has-contrast-background-color has-background has-global-padding is-layout-constrained wp-block-group-is-layout-constrained\" style=\"border-radius:16px;padding-top:var(--wp--preset--spacing--50);padding-right:var(--wp--preset--spacing--60);padding-bottom:var(--wp--preset--spacing--50);padding-left:var(--wp--preset--spacing--60)\">\n<div class=\"wp-block-columns alignwide is-layout-flex wp-container-core-columns-is-layout-1 wp-block-columns-is-layout-flex\">\n<div class=\"wp-block-column is-layout-flow wp-block-column-is-layout-flow\" style=\"border-top-color:var(--wp--preset--color--contrast);border-top-width:2px;padding-top:var(--wp--preset--spacing--30);padding-right:var(--wp--preset--spacing--30);padding-bottom:var(--wp--preset--spacing--10);padding-left:var(--wp--preset--spacing--30)\">\n<h4 class=\"wp-block-heading has-text-align-center is-style-asterisk has-contrast-2-color has-text-color has-link-color wp-elements-099c5e53cf80948e63b87b05d1b928b3\"><strong><em>Nuestra misi\u00f3n<\/em><\/strong><\/h4>\n\n\n\n<h5 class=\"wp-block-heading has-text-align-center has-contrast-2-color has-text-color has-link-color has-medium-font-size wp-elements-8426bc3d503c177f7da022bc2eb3e605\"><em>Buscamos entregar una experiencia satisfactoria a nuestros clientes a trav\u00e9s del dise\u00f1o y la calidad, de forma sencilla, creativa y personal.<\/em><\/h5>\n\n\n\n<h4 class=\"wp-block-heading has-text-align-center is-style-asterisk has-contrast-2-color has-text-color has-link-color wp-elements-74a5df306e03265bce83fcbd260de094\"><strong><em>Nuestra visi\u00f3n<\/em><\/strong><\/h4>\n\n\n\n<h5 class=\"wp-block-heading has-text-align-center has-contrast-2-color has-text-color has-link-color has-medium-font-size wp-elements-57dc64fe06c01f2e00d5d179b644200c\"><em><em>Ser la empresa l\u00edder en soluciones gr\u00e1ficas y de calidad, transformando ideas en realidades visuales.&nbsp;<\/em>Estamos comprometidos con priorizar la creatividad en cada proyecto y la satisfacci\u00f3n del cliente.<\/em><\/h5>\n<\/div>\n<\/div>\n<\/div>\n<\/div>\n\n\n\n<div class=\"wp-block-group alignfull has-global-padding is-layout-constrained wp-block-group-is-layout-constrained\" style=\"margin-top:0;margin-bottom:0;padding-top:var(--wp--preset--spacing--50);padding-right:var(--wp--preset--spacing--50);padding-bottom:var(--wp--preset--spacing--50);padding-left:var(--wp--preset--spacing--50)\">\n<div class=\"wp-block-group is-vertical is-content-justification-center is-layout-flex wp-container-core-group-is-layout-3 wp-block-group-is-layout-flex\">\n<h2 class=\"wp-block-heading has-text-align-center is-style-asterisk has-xx-large-font-size\"><strong>Conoce a nuestro equipo<\/strong><\/h2>\n\n\n\n<p class=\"has-text-align-center\">Somos los profesionales que trabajamos d\u00eda a d\u00eda para poder entregarte el mejor resultado.<\/p>\n<\/div>\n\n\n\n<div style=\"height:var(--wp--preset--spacing--30)\" aria-hidden=\"true\" class=\"wp-block-spacer\"><\/div>\n\n\n\n<div class=\"wp-block-columns alignwide is-layout-flex wp-container-core-columns-is-layout-2 wp-block-columns-is-layout-flex\" style=\"padding-right:0;padding-left:0\">\n<div class=\"wp-block-column is-layout-flow wp-block-column-is-layout-flow\">\n<figure class=\"wp-block-image size-full is-style-rounded\"><img loading=\"lazy\" decoding=\"async\" width=\"4500\" height=\"4500\" src=\"https:\/\/plotart.cl\/wp-content\/uploads\/2024\/06\/ILUSTRACIONES-PLORART-04.png\" alt=\"\" class=\"wp-image-390\" style=\"aspect-ratio:1;object-fit:cover\"\/><\/figure>\n\n\n\n<div class=\"wp-block-group is-vertical is-content-justification-center is-nowrap is-layout-flex wp-container-core-group-is-layout-4 wp-block-group-is-layout-flex\">\n<p class=\"has-text-align-center has-small-font-size\"><strong>Irene Frose<\/strong><\/p>\n\n\n\n<p class=\"has-text-align-center has-small-font-size\">Gerente General<\/p>\n<\/div>\n<\/div>\n\n\n\n<div class=\"wp-block-column is-layout-flow wp-block-column-is-layout-flow\">\n<figure class=\"wp-block-image size-full is-style-rounded\"><img loading=\"lazy\" decoding=\"async\" width=\"4500\" height=\"4500\" src=\"https:\/\/plotart.cl\/wp-content\/uploads\/2024\/06\/ILUSTRACIONES-PLORART-03.png\" alt=\"\" class=\"wp-image-389\" style=\"aspect-ratio:1;object-fit:cover\"\/><\/figure>\n\n\n\n<div class=\"wp-block-group is-vertical is-content-justification-center is-nowrap is-layout-flex wp-container-core-group-is-layout-5 wp-block-group-is-layout-flex\">\n<p class=\"has-text-align-center has-small-font-size\"><strong>Carola Rohuede<\/strong><\/p>\n\n\n\n<p class=\"has-text-align-center has-small-font-size\">\u00c1rea Comercial<\/p>\n<\/div>\n<\/div>\n\n\n\n<div class=\"wp-block-column is-layout-flow wp-block-column-is-layout-flow\">\n<figure class=\"wp-block-image size-full is-style-rounded\"><img loading=\"lazy\" decoding=\"async\" width=\"4500\" height=\"4500\" src=\"https:\/\/plotart.cl\/wp-content\/uploads\/2024\/06\/ILUSTRACIONES-PLORART-02.png\" alt=\"\" class=\"wp-image-388\" style=\"aspect-ratio:1;object-fit:cover\"\/><\/figure>\n\n\n\n<div class=\"wp-block-group is-vertical is-content-justification-center is-nowrap is-layout-flex wp-container-core-group-is-layout-6 wp-block-group-is-layout-flex\">\n<p class=\"has-text-align-center has-small-font-size\"><strong>Consuelo Torrealba<\/strong><\/p>\n\n\n\n<p class=\"has-text-align-center has-small-font-size\">\u00c1rea Marketing<\/p>\n<\/div>\n<\/div>\n<\/div>\n<\/div>\n\n\n\n<div class=\"wp-block-buttons is-content-justification-center is-layout-flex wp-container-core-buttons-is-layout-1 wp-block-buttons-is-layout-flex\">\n<div class=\"wp-block-button is-style-outline\"><a class=\"wp-block-button__link wp-element-button\" href=\"https:\/\/plotart.cl\/?page_id=50\">Algunos de nuestros trabajos<\/a><\/div>\n<\/div>\n\n\n\n<hr class=\"wp-block-separator has-alpha-channel-opacity\"\/>\n","protected":false},"excerpt":{"rendered":"<p>Somos PlotArt, Tu equipo de soluciones gr\u00e1ficas listo para dar vida a tus ideas. En cada dise\u00f1o y en cada proyecto, nos esforzamos por transformar tus conceptos en realidades visuales impactantes. Nuestra misi\u00f3n Buscamos entregar una experiencia satisfactoria a nuestros clientes a trav\u00e9s del dise\u00f1o y la calidad, de forma sencilla, creativa y personal. Nuestra [&hellip;]<\/p>\n","protected":false},"author":3,"featured_media":42,"parent":0,"menu_order":0,"comment_status":"closed","ping_status":"closed","template":"","meta":{"om_disable_all_campaigns":false,"_monsterinsights_skip_tracking":false,"_monsterinsights_sitenote_active":false,"_monsterinsights_sitenote_note":"","_monsterinsights_sitenote_category":0,"footnotes":""},"aioseo_notices":[],"_links":{"self":[{"href":"https:\/\/plotart.cl\/index.php?rest_route=\/wp\/v2\/pages\/59"}],"collection":[{"href":"https:\/\/plotart.cl\/index.php?rest_route=\/wp\/v2\/pages"}],"about":[{"href":"https:\/\/plotart.cl\/index.php?rest_route=\/wp\/v2\/types\/page"}],"author":[{"embeddable":true,"href":"https:\/\/plotart.cl\/index.php?rest_route=\/wp\/v2\/users\/3"}],"replies":[{"embeddable":true,"href":"https:\/\/plotart.cl\/index.php?rest_route=%2Fwp%2Fv2%2Fcomments&post=59"}],"version-history":[{"count":14,"href":"https:\/\/plotart.cl\/index.php?rest_route=\/wp\/v2\/pages\/59\/revisions"}],"predecessor-version":[{"id":450,"href":"https:\/\/plotart.cl\/index.php?rest_route=\/wp\/v2\/pages\/59\/revisions\/450"}],"wp:featuredmedia":[{"embeddable":true,"href":"https:\/\/plotart.cl\/index.php?rest_route=\/wp\/v2\/media\/42"}],"wp:attachment":[{"href":"https:\/\/plotart.cl\/index.php?rest_route=%2Fwp%2Fv2%2Fmedia&parent=59"}],"curies":[{"name":"wp","href":"https:\/\/api.w.org\/{rel}","templated":true}]}}