{"id":321,"date":"2024-06-12T19:52:12","date_gmt":"2024-06-12T19:52:12","guid":{"rendered":"https:\/\/plotart.cl\/?page_id=321"},"modified":"2024-06-18T14:38:45","modified_gmt":"2024-06-18T14:38:45","slug":"material-marketing-1-copy-3-copy-2-copy-copy-copy","status":"publish","type":"page","link":"https:\/\/plotart.cl\/?page_id=321","title":{"rendered":"Telas y pendones"},"content":{"rendered":"\n<h2>\n\t\tNUESTROS SERVICIOS \/ GR\u00c1FICA PUBLICITARIA \/ TELAS Y PENDONES\n\t<\/h2>\n<h2>\n\t\t<strong>Nuestras telas y pendones perfectas para ti<\/strong>\n\t<\/h2>\n<h2>\n\t\tLetreros y tela PVC\n\t<\/h2>\n\t<p>Nuestras telas impresas son altamente duraderas y pueden adaptarse seg\u00fan tus preferencias. Desde peque\u00f1os formatos hasta gigantograf\u00edas, nuestras telas est\u00e1n dise\u00f1adas para adaptarse a tus necesidades.<\/p>\n\t\t\t<a href=\"https:\/\/plotart.cl\/?page_id=64\" target=\"_self\" rel=\"noopener\">\n\t\t\t\t\t\t\t\u00a1Lo quiero!\n\t\t\t\t\t<\/a>\n\t\t\t\t<img decoding=\"async\" src=\"http:\/\/plotart.cl\/wp-content\/uploads\/2024\/06\/65938.png\" alt=\"65938\" itemprop=\"image\" title=\"65938\" onerror=\"this.style.display='none'\"  \/>\n<h2>\n\t\tPend\u00f3n roller\n\t<\/h2>\n\t<p>Contamos con dos tipos de pendones roller, en formato grande y mini.<\/p>\n\t\t\t<a href=\"https:\/\/plotart.cl\/?page_id=64\" target=\"_self\" rel=\"noopener\">\n\t\t\t\t\t\t\t\u00a1Lo quiero!\n\t\t\t\t\t<\/a>\n\t\t\t\t<img decoding=\"async\" src=\"http:\/\/plotart.cl\/wp-content\/uploads\/2024\/06\/4333020.png\" alt=\"4333020\" itemprop=\"image\" title=\"4333020\" onerror=\"this.style.display='none'\"  \/>\n\n","protected":false},"excerpt":{"rendered":"<p>NUESTROS SERVICIOS \/ GR\u00c1FICA PUBLICITARIA \/ TELAS Y PENDONES Nuestras telas y pendones perfectas para ti Letreros y tela PVC Nuestras telas impresas son altamente duraderas y pueden adaptarse seg\u00fan tus preferencias. Desde peque\u00f1os formatos hasta gigantograf\u00edas, nuestras telas est\u00e1n dise\u00f1adas para adaptarse a tus necesidades. \u00a1Lo quiero! Pend\u00f3n roller Contamos con dos tipos de [&hellip;]<\/p>\n","protected":false},"author":3,"featured_media":0,"parent":0,"menu_order":0,"comment_status":"closed","ping_status":"closed","template":"","meta":{"om_disable_all_campaigns":false,"_monsterinsights_skip_tracking":false,"_monsterinsights_sitenote_active":false,"_monsterinsights_sitenote_note":"","_monsterinsights_sitenote_category":0,"footnotes":""},"aioseo_notices":[],"_links":{"self":[{"href":"https:\/\/plotart.cl\/index.php?rest_route=\/wp\/v2\/pages\/321"}],"collection":[{"href":"https:\/\/plotart.cl\/index.php?rest_route=\/wp\/v2\/pages"}],"about":[{"href":"https:\/\/plotart.cl\/index.php?rest_route=\/wp\/v2\/types\/page"}],"author":[{"embeddable":true,"href":"https:\/\/plotart.cl\/index.php?rest_route=\/wp\/v2\/users\/3"}],"replies":[{"embeddable":true,"href":"https:\/\/plotart.cl\/index.php?rest_route=%2Fwp%2Fv2%2Fcomments&post=321"}],"version-history":[{"count":4,"href":"https:\/\/plotart.cl\/index.php?rest_route=\/wp\/v2\/pages\/321\/revisions"}],"predecessor-version":[{"id":350,"href":"https:\/\/plotart.cl\/index.php?rest_route=\/wp\/v2\/pages\/321\/revisions\/350"}],"wp:attachment":[{"href":"https:\/\/plotart.cl\/index.php?rest_route=%2Fwp%2Fv2%2Fmedia&parent=321"}],"curies":[{"name":"wp","href":"https:\/\/api.w.org\/{rel}","templated":true}]}}