{"id":287,"date":"2024-06-12T15:54:10","date_gmt":"2024-06-12T15:54:10","guid":{"rendered":"https:\/\/plotart.cl\/?page_id=287"},"modified":"2024-07-31T15:10:55","modified_gmt":"2024-07-31T15:10:55","slug":"material-marketing-1-copy-3-copy","status":"publish","type":"page","link":"https:\/\/plotart.cl\/?page_id=287","title":{"rendered":"Flyers, volantes y afiches"},"content":{"rendered":"\n<h2>\n\t\tNUESTROS SERVICIOS \/ MATERIAL DE MARKETING \/ FLAYERS, VOLANTES Y AFICHES\n\t<\/h2>\n<h2>\n\t\t<strong>Flyers, volantes y afiches personalizados<\/strong>\n\t<\/h2>\n<h2>\n\t\tFlyers y volantes peque\u00f1os\n\t<\/h2>\n\t<p><strong>Tama\u00f1os<i>:<\/i><\/strong> 10 x 15, 10 x 14 y 9 x 14 cm. En caso que se requiera un tama\u00f1o personalizado solo var\u00eda el precio.<\/p>\n<p><em><strong>Material: <\/strong><\/em>Papel sint\u00e9tico.<\/p>\n<p><em><strong>*La impresi\u00f3n es por una cara.<\/strong><\/em><\/p>\n\t\t\t<a href=\"https:\/\/plotart.cl\/?page_id=64\" target=\"_self\" rel=\"noopener\">\n\t\t\t\t\t\t\t\u00a1Lo quiero!\n\t\t\t\t\t<\/a>\n\t\t\t\t<img decoding=\"async\" src=\"http:\/\/plotart.cl\/wp-content\/uploads\/2024\/06\/62aa594b3ffe4bef25d24c7bbfcb6ffb.png\" alt=\"62aa594b3ffe4bef25d24c7bbfcb6ffb\" itemprop=\"image\" title=\"62aa594b3ffe4bef25d24c7bbfcb6ffb\" onerror=\"this.style.display='none'\"  \/>\n<h2>\n\t\tFlyers, volantes grandes\n\t<\/h2>\n\t<p><em><strong>Tama\u00f1os:<\/strong><\/em> Tama\u00f1o Carta 21.6\u00a0 x 27.9 cm y A4 21 x 29.7 cm. En caso que se requiera un tama\u00f1o personalizado solo var\u00eda el precio.<\/p>\n<p><em><strong>Material:<\/strong><\/em> Papel sint\u00e9tico.<\/p>\n<p><em><strong>*La impresi\u00f3n es por una cara.<\/strong><\/em><\/p>\n\t\t\t<a href=\"https:\/\/plotart.cl\/?page_id=64\" target=\"_self\" rel=\"noopener\">\n\t\t\t\t\t\t\t\u00a1Lo quiero!\n\t\t\t\t\t<\/a>\n\t\t\t\t<img decoding=\"async\" src=\"http:\/\/plotart.cl\/wp-content\/uploads\/2024\/06\/vertical-hung-empty-space-billboard-1.png\" alt=\"vertical-hung-empty-space-billboard-1\" itemprop=\"image\" title=\"vertical-hung-empty-space-billboard-1\" onerror=\"this.style.display='none'\"  \/>\n\n","protected":false},"excerpt":{"rendered":"<p>NUESTROS SERVICIOS \/ MATERIAL DE MARKETING \/ FLAYERS, VOLANTES Y AFICHES Flyers, volantes y afiches personalizados Flyers y volantes peque\u00f1os Tama\u00f1os: 10 x 15, 10 x 14 y 9 x 14 cm. En caso que se requiera un tama\u00f1o personalizado solo var\u00eda el precio. Material: Papel sint\u00e9tico. *La impresi\u00f3n es por una cara. \u00a1Lo quiero! [&hellip;]<\/p>\n","protected":false},"author":3,"featured_media":0,"parent":0,"menu_order":0,"comment_status":"closed","ping_status":"closed","template":"","meta":{"om_disable_all_campaigns":false,"_monsterinsights_skip_tracking":false,"_monsterinsights_sitenote_active":false,"_monsterinsights_sitenote_note":"","_monsterinsights_sitenote_category":0,"footnotes":""},"aioseo_notices":[],"_links":{"self":[{"href":"https:\/\/plotart.cl\/index.php?rest_route=\/wp\/v2\/pages\/287"}],"collection":[{"href":"https:\/\/plotart.cl\/index.php?rest_route=\/wp\/v2\/pages"}],"about":[{"href":"https:\/\/plotart.cl\/index.php?rest_route=\/wp\/v2\/types\/page"}],"author":[{"embeddable":true,"href":"https:\/\/plotart.cl\/index.php?rest_route=\/wp\/v2\/users\/3"}],"replies":[{"embeddable":true,"href":"https:\/\/plotart.cl\/index.php?rest_route=%2Fwp%2Fv2%2Fcomments&post=287"}],"version-history":[{"count":9,"href":"https:\/\/plotart.cl\/index.php?rest_route=\/wp\/v2\/pages\/287\/revisions"}],"predecessor-version":[{"id":445,"href":"https:\/\/plotart.cl\/index.php?rest_route=\/wp\/v2\/pages\/287\/revisions\/445"}],"wp:attachment":[{"href":"https:\/\/plotart.cl\/index.php?rest_route=%2Fwp%2Fv2%2Fmedia&parent=287"}],"curies":[{"name":"wp","href":"https:\/\/api.w.org\/{rel}","templated":true}]}}