{"id":263,"date":"2024-06-11T19:36:52","date_gmt":"2024-06-11T19:36:52","guid":{"rendered":"https:\/\/plotart.cl\/?page_id=263"},"modified":"2024-06-13T17:20:57","modified_gmt":"2024-06-13T17:20:57","slug":"material-marketing-1-copy-2","status":"publish","type":"page","link":"https:\/\/plotart.cl\/?page_id=263","title":{"rendered":"Se\u00f1al\u00e1tica"},"content":{"rendered":"\n<h2>\n\t\t<strong>Se\u00f1al\u00e9tica<\/strong>\n\t<\/h2>\n\t<p>La se\u00f1al\u00e9tica es nuestra especialidad. Ya son a\u00f1os especializ\u00e1ndonos. Tenemos todo lo que tu neesitas.<\/p>\n\t\t\t<a href=\"\" target=\"_self\" rel=\"noopener\">\n\t\t\t\t\t\t\tContacto\n\t\t\t\t\t<\/a>\n<h2>\n\t\tAutoadhesivos en todo formato\n\t<\/h2>\n\t<p>Adhesivo para suelo, empavonado, vinilo y adhesivo impreso.<\/p>\n\t\t\t<a href=\"https:\/\/plotart.cl\/?page_id=359\" target=\"_self\" rel=\"noopener\">\n\t\t\t\t\t\t\t\u00a1Quiero saber m\u00e1s!\n\t\t\t\t\t<\/a>\n\t\t\t\t<img decoding=\"async\" src=\"http:\/\/plotart.cl\/wp-content\/uploads\/2024\/06\/PORTADA-03-1.png\" alt=\"PORTADA-03-1\" itemprop=\"image\" title=\"PORTADA-03-1\" onerror=\"this.style.display='none'\"  \/>\n\n","protected":false},"excerpt":{"rendered":"<p>Se\u00f1al\u00e9tica La se\u00f1al\u00e9tica es nuestra especialidad. Ya son a\u00f1os especializ\u00e1ndonos. Tenemos todo lo que tu neesitas. Contacto Autoadhesivos en todo formato Adhesivo para suelo, empavonado, vinilo y adhesivo impreso. \u00a1Quiero saber m\u00e1s!<\/p>\n","protected":false},"author":3,"featured_media":0,"parent":0,"menu_order":0,"comment_status":"closed","ping_status":"closed","template":"","meta":{"om_disable_all_campaigns":false,"_monsterinsights_skip_tracking":false,"_monsterinsights_sitenote_active":false,"_monsterinsights_sitenote_note":"","_monsterinsights_sitenote_category":0,"footnotes":""},"aioseo_notices":[],"_links":{"self":[{"href":"https:\/\/plotart.cl\/index.php?rest_route=\/wp\/v2\/pages\/263"}],"collection":[{"href":"https:\/\/plotart.cl\/index.php?rest_route=\/wp\/v2\/pages"}],"about":[{"href":"https:\/\/plotart.cl\/index.php?rest_route=\/wp\/v2\/types\/page"}],"author":[{"embeddable":true,"href":"https:\/\/plotart.cl\/index.php?rest_route=\/wp\/v2\/users\/3"}],"replies":[{"embeddable":true,"href":"https:\/\/plotart.cl\/index.php?rest_route=%2Fwp%2Fv2%2Fcomments&post=263"}],"version-history":[{"count":5,"href":"https:\/\/plotart.cl\/index.php?rest_route=\/wp\/v2\/pages\/263\/revisions"}],"predecessor-version":[{"id":368,"href":"https:\/\/plotart.cl\/index.php?rest_route=\/wp\/v2\/pages\/263\/revisions\/368"}],"wp:attachment":[{"href":"https:\/\/plotart.cl\/index.php?rest_route=%2Fwp%2Fv2%2Fmedia&parent=263"}],"curies":[{"name":"wp","href":"https:\/\/api.w.org\/{rel}","templated":true}]}}