{"id":237,"date":"2024-06-11T17:02:33","date_gmt":"2024-06-11T17:02:33","guid":{"rendered":"https:\/\/plotart.cl\/?page_id=237"},"modified":"2024-06-13T19:59:49","modified_gmt":"2024-06-13T19:59:49","slug":"material-marketing-1","status":"publish","type":"page","link":"https:\/\/plotart.cl\/?page_id=237","title":{"rendered":"Material marketing"},"content":{"rendered":"\n<h2>\n\t\tNUESTROS SERVICIOS \/ MATERIAL DE MARKETING\n\t<\/h2>\n<h2>\n\t\t<strong>Material de marketing<\/strong>\n\t<\/h2>\n\t<p>Contamos con la mejor tecnolog\u00eda y los mejores materiales para que puedas potenciar tu negocio.<\/p>\n\t\t\t<a href=\"https:\/\/plotart.cl\/?page_id=64\" target=\"_self\" rel=\"noopener\">\n\t\t\t\t\t\t\tContacto\n\t\t\t\t\t<\/a>\n<h2>\n\t\tEtiquetas y stickers\n\t<\/h2>\n\t<p>Stickers personalizadas,\u00a0 etiquetas autoadhesivas perdurables. Podemos entregarte el resultado que esperas en el tiempo que necesites.<\/p>\n\t\t\t<a href=\"https:\/\/plotart.cl\/?page_id=276\" target=\"_self\" rel=\"noopener\">\n\t\t\t\t\t\t\t\u00a1Quiero saber m\u00e1s!\n\t\t\t\t\t<\/a>\n\t\t\t\t<img decoding=\"async\" src=\"http:\/\/plotart.cl\/wp-content\/uploads\/2024\/06\/PORTADA_Mesa-de-trabajo-1-2.png\" alt=\"PORTADA_Mesa de trabajo 1\" itemprop=\"image\" title=\"PORTADA_Mesa de trabajo 1\" onerror=\"this.style.display='none'\"  \/>\n<h2>\n\t\tGr\u00e1fica imantada\n\t<\/h2>\n\t<p>Contamos con la tecnolog\u00eda para que puedas personalizar tus imanes y hacer que tu marca crezca.<\/p>\n\t\t\t<a href=\"https:\/\/plotart.cl\/?page_id=293\" target=\"_self\" rel=\"noopener\">\n\t\t\t\t\t\t\t\u00a1Quiero saber m\u00e1s!\n\t\t\t\t\t<\/a>\n\t\t\t\t<img decoding=\"async\" src=\"http:\/\/plotart.cl\/wp-content\/uploads\/2024\/06\/happy-young-woman-door-restaurant-cold-winter-day-lettering-takeaway-food.jpg\" alt=\"Happy young woman at the door of the restaurant on a cold winter day, lettering, takeaway food.\" itemprop=\"image\" title=\"Happy young woman at the door of the restaurant on a cold winter day, lettering, takeaway food.\" onerror=\"this.style.display='none'\"  \/>\n\n","protected":false},"excerpt":{"rendered":"<p>NUESTROS SERVICIOS \/ MATERIAL DE MARKETING Material de marketing Contamos con la mejor tecnolog\u00eda y los mejores materiales para que puedas potenciar tu negocio. Contacto Etiquetas y stickers Stickers personalizadas,\u00a0 etiquetas autoadhesivas perdurables. Podemos entregarte el resultado que esperas en el tiempo que necesites. \u00a1Quiero saber m\u00e1s! Gr\u00e1fica imantada Contamos con la tecnolog\u00eda para que [&hellip;]<\/p>\n","protected":false},"author":3,"featured_media":0,"parent":0,"menu_order":0,"comment_status":"closed","ping_status":"closed","template":"","meta":{"om_disable_all_campaigns":false,"_monsterinsights_skip_tracking":false,"_monsterinsights_sitenote_active":false,"_monsterinsights_sitenote_note":"","_monsterinsights_sitenote_category":0,"footnotes":""},"aioseo_notices":[],"_links":{"self":[{"href":"https:\/\/plotart.cl\/index.php?rest_route=\/wp\/v2\/pages\/237"}],"collection":[{"href":"https:\/\/plotart.cl\/index.php?rest_route=\/wp\/v2\/pages"}],"about":[{"href":"https:\/\/plotart.cl\/index.php?rest_route=\/wp\/v2\/types\/page"}],"author":[{"embeddable":true,"href":"https:\/\/plotart.cl\/index.php?rest_route=\/wp\/v2\/users\/3"}],"replies":[{"embeddable":true,"href":"https:\/\/plotart.cl\/index.php?rest_route=%2Fwp%2Fv2%2Fcomments&post=237"}],"version-history":[{"count":14,"href":"https:\/\/plotart.cl\/index.php?rest_route=\/wp\/v2\/pages\/237\/revisions"}],"predecessor-version":[{"id":414,"href":"https:\/\/plotart.cl\/index.php?rest_route=\/wp\/v2\/pages\/237\/revisions\/414"}],"wp:attachment":[{"href":"https:\/\/plotart.cl\/index.php?rest_route=%2Fwp%2Fv2%2Fmedia&parent=237"}],"curies":[{"name":"wp","href":"https:\/\/api.w.org\/{rel}","templated":true}]}}