{"id":211,"date":"2024-06-11T16:37:41","date_gmt":"2024-06-11T16:37:41","guid":{"rendered":"https:\/\/plotart.cl\/?page_id=211"},"modified":"2024-06-12T17:32:01","modified_gmt":"2024-06-12T17:32:01","slug":"sin-titulo","status":"publish","type":"page","link":"https:\/\/plotart.cl\/?page_id=211","title":{"rendered":"Nuestros servicios"},"content":{"rendered":"\n<h2>\n\t\tSorpr\u00e9ndete con PlotArt.\n\t<\/h2>\n\t<p>Tenemos muchas opciones para t\u00ed<\/p>\n\t\t\t\t<img decoding=\"async\" src=\"http:\/\/plotart.cl\/wp-content\/uploads\/2024\/06\/PORTADA_Mesa-de-trabajo-1-2.png\" alt=\"PORTADA_Mesa de trabajo 1\" itemprop=\"image\" title=\"PORTADA_Mesa de trabajo 1\" onerror=\"this.style.display='none'\"  \/>\n\t<p>Material de m\u00e1rketing<\/p>\n\t\t\t\t<img decoding=\"async\" src=\"http:\/\/plotart.cl\/wp-content\/uploads\/2024\/06\/8f783fa37da2096f91111d07cffea5db.jpeg\" alt=\"8f783fa37da2096f91111d07cffea5db\" itemprop=\"image\" title=\"8f783fa37da2096f91111d07cffea5db\" onerror=\"this.style.display='none'\"  \/>\n\t<p>Deco Hogar<\/p>\n\t\t\t\t<img decoding=\"async\" src=\"http:\/\/plotart.cl\/wp-content\/uploads\/2024\/06\/PORTADA-02-1.png\" alt=\"PORTADA-02-1\" itemprop=\"image\" title=\"PORTADA-02-1\" onerror=\"this.style.display='none'\"  \/>\n\t<p>Gr\u00e1fica publicitaria<\/p>\n\t\t\t\t<img decoding=\"async\" src=\"http:\/\/plotart.cl\/wp-content\/uploads\/2024\/06\/62aa594b3ffe4bef25d24c7bbfcb6ffb.png\" alt=\"62aa594b3ffe4bef25d24c7bbfcb6ffb\" itemprop=\"image\" title=\"62aa594b3ffe4bef25d24c7bbfcb6ffb\" onerror=\"this.style.display='none'\"  \/>\n\t<p>Impresi\u00f3n en peque\u00f1os formatos<\/p>\n\t\t\t\t<img decoding=\"async\" src=\"http:\/\/plotart.cl\/wp-content\/uploads\/2024\/06\/PORTADA-03.png\" alt=\"PORTADA-03\" itemprop=\"image\" title=\"PORTADA-03\" onerror=\"this.style.display='none'\"  \/>\n\t<p>Se\u00f1al\u00e9tica<\/p>\n<h2>\n\t\tServicio de dise\u00f1o\n\t<\/h2>\n\t<p>Contamos con un servicio de dise\u00f1o de excelencia. Trabajamos mano a mano contigo para crear soluciones gr\u00e1ficas personalizadas que se adapten a tus necesidades y reflejen la identidad de tu marca.<\/p>\n\t\t\t<a href=\"https:\/\/plotart.cl\/?page_id=64\" target=\"_self\" rel=\"noopener\">\n\t\t\t\t\t\t\t\u00a1Me interesa!\n\t\t\t<\/a>\n\t\t\t\t<img decoding=\"async\" src=\"http:\/\/plotart.cl\/wp-content\/uploads\/2024\/06\/D5589E9C-0BC2-4F27-9133-9F670A3252EE.jpg\" alt=\"D5589E9C-0BC2-4F27-9133-9F670A3252EE\" itemprop=\"image\" title=\"D5589E9C-0BC2-4F27-9133-9F670A3252EE\" onerror=\"this.style.display='none'\"  \/>\n<h2>\n\t\tEstamos aqu\u00ed para ayudarte\n\t<\/h2>\n\t<p>Somos una empresa comprometida con entregar a nuestros clientes un servicio de primera con resultados de alta calidad.<\/p>\n\t\t\t<a href=\"https:\/\/plotart.cl\/?page_id=64\" target=\"_self\" rel=\"noopener\">\n\t\t\t\t\t\t\t\u00a1Me interesa!\n\t\t\t<\/a>\n\n","protected":false},"excerpt":{"rendered":"<p>Sorpr\u00e9ndete con PlotArt. Tenemos muchas opciones para t\u00ed Material de m\u00e1rketing Deco Hogar Gr\u00e1fica publicitaria Impresi\u00f3n en peque\u00f1os formatos Se\u00f1al\u00e9tica Servicio de dise\u00f1o Contamos con un servicio de dise\u00f1o de excelencia. Trabajamos mano a mano contigo para crear soluciones gr\u00e1ficas personalizadas que se adapten a tus necesidades y reflejen la identidad de tu marca. \u00a1Me [&hellip;]<\/p>\n","protected":false},"author":3,"featured_media":0,"parent":0,"menu_order":0,"comment_status":"closed","ping_status":"closed","template":"","meta":{"om_disable_all_campaigns":false,"_monsterinsights_skip_tracking":false,"_monsterinsights_sitenote_active":false,"_monsterinsights_sitenote_note":"","_monsterinsights_sitenote_category":0,"footnotes":""},"aioseo_notices":[],"_links":{"self":[{"href":"https:\/\/plotart.cl\/index.php?rest_route=\/wp\/v2\/pages\/211"}],"collection":[{"href":"https:\/\/plotart.cl\/index.php?rest_route=\/wp\/v2\/pages"}],"about":[{"href":"https:\/\/plotart.cl\/index.php?rest_route=\/wp\/v2\/types\/page"}],"author":[{"embeddable":true,"href":"https:\/\/plotart.cl\/index.php?rest_route=\/wp\/v2\/users\/3"}],"replies":[{"embeddable":true,"href":"https:\/\/plotart.cl\/index.php?rest_route=%2Fwp%2Fv2%2Fcomments&post=211"}],"version-history":[{"count":6,"href":"https:\/\/plotart.cl\/index.php?rest_route=\/wp\/v2\/pages\/211\/revisions"}],"predecessor-version":[{"id":309,"href":"https:\/\/plotart.cl\/index.php?rest_route=\/wp\/v2\/pages\/211\/revisions\/309"}],"wp:attachment":[{"href":"https:\/\/plotart.cl\/index.php?rest_route=%2Fwp%2Fv2%2Fmedia&parent=211"}],"curies":[{"name":"wp","href":"https:\/\/api.w.org\/{rel}","templated":true}]}}